{"id":196,"date":"2016-02-09T18:22:14","date_gmt":"2016-02-09T18:22:14","guid":{"rendered":"http:\/\/ssv-sexau.de\/?page_id=196"},"modified":"2018-04-21T08:31:53","modified_gmt":"2018-04-21T08:31:53","slug":"vorstandschaft","status":"publish","type":"page","link":"https:\/\/ssv-sexau.de\/?page_id=196","title":{"rendered":"Vorstandschaft"},"content":{"rendered":"<p>Obersch\u00fctzenmeister: Simone Siegel, Kaiserstuhlstr. 26, 79279 V\u00f6rstetten, Tel. 07666-6444<\/p>\n<p>Sch\u00fctzenmeister: Heinrich Gehri<\/p>\n<p>Schatzmeister: Jutta Z\u00e4h<\/p>\n<p>Schriftf\u00fchrer: Amadeus Aldrian<\/p>\n<p>Jugendleiter: Roland Siegel<\/p>\n<p>stellv. Jugendleiter: Alexander Wiedemann<\/p>\n<p>Sportleiter: R\u00fcdiger Sch\u00f6n<\/p>\n<p>Beisitzer: Joachim Maier, Ursula Rold, J\u00fcrgen Rold<\/p>\n","protected":false},"excerpt":{"rendered":"<p>Obersch\u00fctzenmeister: Simone Siegel, Kaiserstuhlstr. 26, 79279 V\u00f6rstetten, Tel. 07666-6444 Sch\u00fctzenmeister: Heinrich Gehri Schatzmeister: Jutta Z\u00e4h Schriftf\u00fchrer: Amadeus Aldrian Jugendleiter: Roland Siegel stellv. Jugendleiter: Alexander Wiedemann Sportleiter: R\u00fcdiger Sch\u00f6n Beisitzer: Joachim [&hellip;]<\/p>\n","protected":false},"author":2,"featured_media":0,"parent":0,"menu_order":0,"comment_status":"closed","ping_status":"closed","template":"","meta":{"footnotes":""},"class_list":["post-196","page","type-page","status-publish","hentry"],"_links":{"self":[{"href":"https:\/\/ssv-sexau.de\/index.php?rest_route=\/wp\/v2\/pages\/196","targetHints":{"allow":["GET"]}}],"collection":[{"href":"https:\/\/ssv-sexau.de\/index.php?rest_route=\/wp\/v2\/pages"}],"about":[{"href":"https:\/\/ssv-sexau.de\/index.php?rest_route=\/wp\/v2\/types\/page"}],"author":[{"embeddable":true,"href":"https:\/\/ssv-sexau.de\/index.php?rest_route=\/wp\/v2\/users\/2"}],"replies":[{"embeddable":true,"href":"https:\/\/ssv-sexau.de\/index.php?rest_route=%2Fwp%2Fv2%2Fcomments&post=196"}],"version-history":[{"count":5,"href":"https:\/\/ssv-sexau.de\/index.php?rest_route=\/wp\/v2\/pages\/196\/revisions"}],"predecessor-version":[{"id":545,"href":"https:\/\/ssv-sexau.de\/index.php?rest_route=\/wp\/v2\/pages\/196\/revisions\/545"}],"wp:attachment":[{"href":"https:\/\/ssv-sexau.de\/index.php?rest_route=%2Fwp%2Fv2%2Fmedia&parent=196"}],"curies":[{"name":"wp","href":"https:\/\/api.w.org\/{rel}","templated":true}]}}